{"id":2,"date":"2025-08-20T00:56:58","date_gmt":"2025-08-20T00:56:58","guid":{"rendered":"https:\/\/honexus.org\/wordpress\/?page_id=2"},"modified":"2025-09-23T03:16:55","modified_gmt":"2025-09-23T03:16:55","slug":"sample-page","status":"publish","type":"page","link":"https:\/\/honexus.org\/?page_id=2","title":{"rendered":"Acerca de\u00a0nosotros"},"content":{"rendered":"\n<p class=\"has-small-font-size\">E<strong>Ho Nexus Editorial<\/strong> es una instituci\u00f3n dedicada a la <strong>difusi\u00f3n acad\u00e9mica y cient\u00edfica<\/strong>, comprometida con la calidad, la innovaci\u00f3n y la integridad en la publicaci\u00f3n de contenidos. Nuestro trabajo se organiza en dos \u00e1reas principales:<\/p>\n\n\n\n<ul class=\"wp-block-list\">\n<li class=\"has-small-font-size\"><strong>Editorial de Libros<\/strong>: orientada a la publicaci\u00f3n de obras acad\u00e9micas y cient\u00edficas que aportan al avance del conocimiento, la formaci\u00f3n profesional y la innovaci\u00f3n en diversas disciplinas.<\/li>\n\n\n\n<li class=\"has-small-font-size\"><strong>Revista IJEPE (International Journal of Emerging Pedagogies and Education)<\/strong>: una revista cient\u00edfica de acceso abierto que integra <strong>educaci\u00f3n, tecnolog\u00eda e ingenier\u00eda<\/strong>, fomentando la investigaci\u00f3n interdisciplinaria y el impacto global de los resultados.<\/li>\n<\/ul>\n\n\n\n<p class=\"has-small-font-size\">En Ho Nexus promovemos el acceso abierto al conocimiento, asegurando procesos editoriales rigurosos, revisiones por pares y est\u00e1ndares internacionales de publicaci\u00f3n. Nuestra misi\u00f3n es ofrecer a investigadores, acad\u00e9micos y profesionales un espacio confiable para la <strong>construcci\u00f3n, validaci\u00f3n y difusi\u00f3n del conocimiento<\/strong>.<\/p>\n\n\n\n<blockquote class=\"wp-block-quote is-layout-flow wp-block-quote-is-layout-flow\"><\/blockquote>\n","protected":false},"excerpt":{"rendered":"<p>EHo Nexus Editorial es una instituci\u00f3n dedicada a la difusi\u00f3n acad\u00e9mica y cient\u00edfica, comprometida con la calidad, la innovaci\u00f3n y la integridad en la publicaci\u00f3n de contenidos. Nuestro trabajo se organiza en dos \u00e1reas principales: En Ho Nexus promovemos el acceso abierto al conocimiento, asegurando procesos editoriales rigurosos, revisiones por pares y est\u00e1ndares internacionales de [&hellip;]<\/p>\n","protected":false},"author":1,"featured_media":0,"parent":0,"menu_order":0,"comment_status":"closed","ping_status":"open","template":"","meta":{"footnotes":""},"class_list":["post-2","page","type-page","status-publish","hentry"],"_links":{"self":[{"href":"https:\/\/honexus.org\/index.php?rest_route=\/wp\/v2\/pages\/2","targetHints":{"allow":["GET"]}}],"collection":[{"href":"https:\/\/honexus.org\/index.php?rest_route=\/wp\/v2\/pages"}],"about":[{"href":"https:\/\/honexus.org\/index.php?rest_route=\/wp\/v2\/types\/page"}],"author":[{"embeddable":true,"href":"https:\/\/honexus.org\/index.php?rest_route=\/wp\/v2\/users\/1"}],"replies":[{"embeddable":true,"href":"https:\/\/honexus.org\/index.php?rest_route=%2Fwp%2Fv2%2Fcomments&post=2"}],"version-history":[{"count":4,"href":"https:\/\/honexus.org\/index.php?rest_route=\/wp\/v2\/pages\/2\/revisions"}],"predecessor-version":[{"id":107,"href":"https:\/\/honexus.org\/index.php?rest_route=\/wp\/v2\/pages\/2\/revisions\/107"}],"wp:attachment":[{"href":"https:\/\/honexus.org\/index.php?rest_route=%2Fwp%2Fv2%2Fmedia&parent=2"}],"curies":[{"name":"wp","href":"https:\/\/api.w.org\/{rel}","templated":true}]}}