{"id":124,"date":"2025-09-24T15:51:33","date_gmt":"2025-09-24T15:51:33","guid":{"rendered":"https:\/\/honexus.org\/?page_id=124"},"modified":"2025-09-24T15:51:33","modified_gmt":"2025-09-24T15:51:33","slug":"talleres-y-webinarios-para-investigadores","status":"publish","type":"page","link":"https:\/\/honexus.org\/?page_id=124","title":{"rendered":"Talleres y webinarios para investigadores"},"content":{"rendered":"\n<p class=\"has-small-font-size\">En <strong>Ho Nexus<\/strong> promovemos la formaci\u00f3n continua de investigadores y acad\u00e9micos mediante <strong>talleres pr\u00e1cticos y webinarios especializados<\/strong> en temas clave de la publicaci\u00f3n cient\u00edfica.<\/p>\n\n\n\n<p class=\"has-small-font-size\">Algunos de nuestros programas incluyen:<\/p>\n\n\n\n<ul class=\"wp-block-list\">\n<li class=\"has-small-font-size\"><strong>Redacci\u00f3n de art\u00edculos cient\u00edficos<\/strong> listos para publicaci\u00f3n.<\/li>\n\n\n\n<li class=\"has-small-font-size\"><strong>Gesti\u00f3n de referencias bibliogr\u00e1ficas<\/strong> (Mendeley, EndNote, Zotero).<\/li>\n\n\n\n<li class=\"has-small-font-size\"><strong>Revisi\u00f3n por pares<\/strong>: c\u00f3mo responder observaciones de revisores.<\/li>\n\n\n\n<li class=\"has-small-font-size\"><strong>Uso de herramientas de IA<\/strong> en la investigaci\u00f3n y redacci\u00f3n.<\/li>\n\n\n\n<li class=\"has-small-font-size\"><strong>\u00c9tica y buenas pr\u00e1cticas<\/strong> en publicaciones acad\u00e9micas.<\/li>\n<\/ul>\n\n\n\n<p class=\"has-small-font-size\">\ud83d\udc49 <strong>Beneficio principal:<\/strong> Desarrollar habilidades pr\u00e1cticas y actualizadas que fortalezcan la producci\u00f3n cient\u00edfica de los participantes.<\/p>\n","protected":false},"excerpt":{"rendered":"<p>En Ho Nexus promovemos la formaci\u00f3n continua de investigadores y acad\u00e9micos mediante talleres pr\u00e1cticos y webinarios especializados en temas clave de la publicaci\u00f3n cient\u00edfica. Algunos de nuestros programas incluyen: \ud83d\udc49 Beneficio principal: Desarrollar habilidades pr\u00e1cticas y actualizadas que fortalezcan la producci\u00f3n cient\u00edfica de los participantes.<\/p>\n","protected":false},"author":1,"featured_media":0,"parent":0,"menu_order":0,"comment_status":"closed","ping_status":"closed","template":"","meta":{"footnotes":""},"class_list":["post-124","page","type-page","status-publish","hentry"],"_links":{"self":[{"href":"https:\/\/honexus.org\/index.php?rest_route=\/wp\/v2\/pages\/124","targetHints":{"allow":["GET"]}}],"collection":[{"href":"https:\/\/honexus.org\/index.php?rest_route=\/wp\/v2\/pages"}],"about":[{"href":"https:\/\/honexus.org\/index.php?rest_route=\/wp\/v2\/types\/page"}],"author":[{"embeddable":true,"href":"https:\/\/honexus.org\/index.php?rest_route=\/wp\/v2\/users\/1"}],"replies":[{"embeddable":true,"href":"https:\/\/honexus.org\/index.php?rest_route=%2Fwp%2Fv2%2Fcomments&post=124"}],"version-history":[{"count":1,"href":"https:\/\/honexus.org\/index.php?rest_route=\/wp\/v2\/pages\/124\/revisions"}],"predecessor-version":[{"id":125,"href":"https:\/\/honexus.org\/index.php?rest_route=\/wp\/v2\/pages\/124\/revisions\/125"}],"wp:attachment":[{"href":"https:\/\/honexus.org\/index.php?rest_route=%2Fwp%2Fv2%2Fmedia&parent=124"}],"curies":[{"name":"wp","href":"https:\/\/api.w.org\/{rel}","templated":true}]}}