{"id":115,"date":"2025-09-24T15:35:55","date_gmt":"2025-09-24T15:35:55","guid":{"rendered":"https:\/\/honexus.org\/?page_id=115"},"modified":"2025-09-24T15:47:18","modified_gmt":"2025-09-24T15:47:18","slug":"plagio-originalidad","status":"publish","type":"page","link":"https:\/\/honexus.org\/?page_id=115","title":{"rendered":"Detecci\u00f3n de plagio y verificaci\u00f3n de originalidad"},"content":{"rendered":"\n<p class=\"has-small-font-size\">La originalidad es un pilar en la publicaci\u00f3n acad\u00e9mica. En <strong>Ho Nexus<\/strong> ofrecemos un servicio de <strong>detecci\u00f3n de similitud y verificaci\u00f3n de plagio<\/strong> utilizando herramientas profesionales (Turnitin, iThenticate, entre otras).<\/p>\n\n\n\n<p class=\"has-small-font-size\">\u00bfQu\u00e9 incluye este servicio?<\/p>\n\n\n\n<ul class=\"wp-block-list\">\n<li class=\"has-small-font-size\"><strong>Informe detallado de similitud<\/strong>, con porcentaje global y secciones cr\u00edticas.<\/li>\n\n\n\n<li class=\"has-small-font-size\">Se\u00f1alamiento de fragmentos coincidentes con otras fuentes.<\/li>\n\n\n\n<li class=\"has-small-font-size\">Recomendaciones espec\u00edficas para <strong>reducir similitud<\/strong> y mejorar la originalidad del texto.<\/li>\n\n\n\n<li class=\"has-small-font-size\">Asesor\u00eda en la correcta <strong>parafraseaci\u00f3n, citaci\u00f3n y referencias bibliogr\u00e1ficas<\/strong> (APA, IEEE, Vancouver, etc.).<\/li>\n<\/ul>\n\n\n\n<p class=\"has-small-font-size\">\ud83d\udc49 <strong>Beneficio principal:<\/strong> Asegurar que el manuscrito cumpla con los est\u00e1ndares de <strong>\u00e9tica acad\u00e9mica<\/strong> y evitar rechazos por problemas de plagio<\/p>\n","protected":false},"excerpt":{"rendered":"<p>La originalidad es un pilar en la publicaci\u00f3n acad\u00e9mica. En Ho Nexus ofrecemos un servicio de detecci\u00f3n de similitud y verificaci\u00f3n de plagio utilizando herramientas profesionales (Turnitin, iThenticate, entre otras). \u00bfQu\u00e9 incluye este servicio? \ud83d\udc49 Beneficio principal: Asegurar que el manuscrito cumpla con los est\u00e1ndares de \u00e9tica acad\u00e9mica y evitar rechazos por problemas de plagio<\/p>\n","protected":false},"author":1,"featured_media":0,"parent":0,"menu_order":0,"comment_status":"closed","ping_status":"closed","template":"","meta":{"footnotes":""},"class_list":["post-115","page","type-page","status-publish","hentry"],"_links":{"self":[{"href":"https:\/\/honexus.org\/index.php?rest_route=\/wp\/v2\/pages\/115","targetHints":{"allow":["GET"]}}],"collection":[{"href":"https:\/\/honexus.org\/index.php?rest_route=\/wp\/v2\/pages"}],"about":[{"href":"https:\/\/honexus.org\/index.php?rest_route=\/wp\/v2\/types\/page"}],"author":[{"embeddable":true,"href":"https:\/\/honexus.org\/index.php?rest_route=\/wp\/v2\/users\/1"}],"replies":[{"embeddable":true,"href":"https:\/\/honexus.org\/index.php?rest_route=%2Fwp%2Fv2%2Fcomments&post=115"}],"version-history":[{"count":2,"href":"https:\/\/honexus.org\/index.php?rest_route=\/wp\/v2\/pages\/115\/revisions"}],"predecessor-version":[{"id":120,"href":"https:\/\/honexus.org\/index.php?rest_route=\/wp\/v2\/pages\/115\/revisions\/120"}],"wp:attachment":[{"href":"https:\/\/honexus.org\/index.php?rest_route=%2Fwp%2Fv2%2Fmedia&parent=115"}],"curies":[{"name":"wp","href":"https:\/\/api.w.org\/{rel}","templated":true}]}}