{"id":109,"date":"2025-09-24T15:05:38","date_gmt":"2025-09-24T15:05:38","guid":{"rendered":"https:\/\/honexus.org\/?page_id=109"},"modified":"2025-09-24T15:09:12","modified_gmt":"2025-09-24T15:09:12","slug":"traduccion","status":"publish","type":"page","link":"https:\/\/honexus.org\/?page_id=109","title":{"rendered":"Correcci\u00f3n y traducci\u00f3n acad\u00e9mica"},"content":{"rendered":"\n<p class=\"has-small-font-size\">En <strong>Ho Nexus<\/strong> ofrecemos un servicio especializado en <strong>correcci\u00f3n de estilo, gram\u00e1tica y redacci\u00f3n acad\u00e9mica<\/strong>, orientado a investigadores, docentes y estudiantes que buscan mejorar la calidad de sus manuscritos.<br>Nuestro equipo revisa aspectos como:<\/p>\n\n\n\n<ul class=\"wp-block-list\">\n<li class=\"has-small-font-size\">Ortograf\u00eda, gram\u00e1tica y puntuaci\u00f3n.<\/li>\n\n\n\n<li class=\"has-small-font-size\">Claridad y coherencia de las ideas.<\/li>\n\n\n\n<li class=\"has-small-font-size\">Adecuaci\u00f3n al estilo acad\u00e9mico requerido.<\/li>\n<\/ul>\n\n\n\n<p class=\"has-small-font-size\">Adem\u00e1s, contamos con un equipo de traductores especializados en <strong>ingl\u00e9s acad\u00e9mico<\/strong>, con experiencia en la preparaci\u00f3n de art\u00edculos para revistas indexadas en <strong>Scopus y Web of Science<\/strong>.<br>La traducci\u00f3n incluye:<\/p>\n\n\n\n<ul class=\"wp-block-list\">\n<li class=\"has-small-font-size\">Adaptaci\u00f3n al registro cient\u00edfico.<\/li>\n\n\n\n<li class=\"has-small-font-size\">Revisi\u00f3n t\u00e9cnica de terminolog\u00eda.<\/li>\n\n\n\n<li class=\"has-small-font-size\">Edici\u00f3n para cumplir est\u00e1ndares internacionales de publicaci\u00f3n.<\/li>\n<\/ul>\n\n\n\n<p class=\"has-small-font-size\">\ud83d\udc49 <strong>Beneficio principal:<\/strong> Aumentar las probabilidades de aceptaci\u00f3n en revistas de alto impacto mediante textos claros, precisos y en ingl\u00e9s profesional.<\/p>\n","protected":false},"excerpt":{"rendered":"<p>En Ho Nexus ofrecemos un servicio especializado en correcci\u00f3n de estilo, gram\u00e1tica y redacci\u00f3n acad\u00e9mica, orientado a investigadores, docentes y estudiantes que buscan mejorar la calidad de sus manuscritos.Nuestro equipo revisa aspectos como: Adem\u00e1s, contamos con un equipo de traductores especializados en ingl\u00e9s acad\u00e9mico, con experiencia en la preparaci\u00f3n de art\u00edculos para revistas indexadas en [&hellip;]<\/p>\n","protected":false},"author":1,"featured_media":0,"parent":0,"menu_order":0,"comment_status":"closed","ping_status":"closed","template":"","meta":{"footnotes":""},"class_list":["post-109","page","type-page","status-publish","hentry"],"_links":{"self":[{"href":"https:\/\/honexus.org\/index.php?rest_route=\/wp\/v2\/pages\/109","targetHints":{"allow":["GET"]}}],"collection":[{"href":"https:\/\/honexus.org\/index.php?rest_route=\/wp\/v2\/pages"}],"about":[{"href":"https:\/\/honexus.org\/index.php?rest_route=\/wp\/v2\/types\/page"}],"author":[{"embeddable":true,"href":"https:\/\/honexus.org\/index.php?rest_route=\/wp\/v2\/users\/1"}],"replies":[{"embeddable":true,"href":"https:\/\/honexus.org\/index.php?rest_route=%2Fwp%2Fv2%2Fcomments&post=109"}],"version-history":[{"count":2,"href":"https:\/\/honexus.org\/index.php?rest_route=\/wp\/v2\/pages\/109\/revisions"}],"predecessor-version":[{"id":113,"href":"https:\/\/honexus.org\/index.php?rest_route=\/wp\/v2\/pages\/109\/revisions\/113"}],"wp:attachment":[{"href":"https:\/\/honexus.org\/index.php?rest_route=%2Fwp%2Fv2%2Fmedia&parent=109"}],"curies":[{"name":"wp","href":"https:\/\/api.w.org\/{rel}","templated":true}]}}